{"id":14,"date":"2020-10-31T10:39:10","date_gmt":"2020-10-31T09:39:10","guid":{"rendered":"http:\/\/bzook.fr\/?page_id=14"},"modified":"2022-03-20T08:50:53","modified_gmt":"2022-03-20T07:50:53","slug":"contact","status":"publish","type":"page","link":"https:\/\/bzook.fr\/?page_id=14","title":{"rendered":"Contact"},"content":{"rendered":"\n<p><\/p>\n\n\n\n<p>Pour d\u00e9couvrir les produits biathlon de BZ\u00d8\u00d8K ou demander une d\u00e9monstration, n&rsquo;h\u00e9sitez pas \u00e0 nous contacter<\/p>\n\n\n\n<p>contact@bzook.fr<\/p>\n\n\n\n<p><\/p>\n\n\n\n<p>Apr\u00e8s avoir mis au point et stabilis\u00e9 le mat\u00e9riel cette derni\u00e8re ann\u00e9e, BZ\u00d8\u00d8K a pu exp\u00e9rimenter le concept avec des participants scolaires ou des adultes habitu\u00e9s aux entrainements de course fractionn\u00e9s.<\/p>\n\n\n\n<p><strong>L&rsquo;objectif principal est la fabrication et la vente du mat\u00e9riel aupr\u00e8s d&rsquo;associations sportives, d&rsquo;encadrant sportifs ou de toutes personnes voulant pratiquer le ou faire pratiquer le biathlon.<\/strong><\/p>\n\n\n\n<p>N&rsquo;\u00e9tant qu&rsquo;au d\u00e9but de l&rsquo;aventure, <strong>nous sommes aussi ouvert \u00e0 toute proposition d&rsquo;association ou mairies qui souhaiteraient organiser un \u00e9v\u00e8nement grand public<\/strong> dans la r\u00e9gion (Allier, Puy de d\u00f4me). Malheureusement nous n&rsquo;arrivons pas \u00e0 trouver le lieu id\u00e9al et disponible pour le faire actuellement.<\/p>\n\n\n\n<p>Id\u00e9alement, nous cherchons un espace plut\u00f4t nature pour organiser des boucles de 800 \u00e0 1500m de course et d&rsquo;un espace abrit\u00e9 ( \u00e9ventuellement un ou plusieurs barnums) pour placer le stade de tir. Le concept est de permettre des sessions de 20 \u00e0 30 coureurs simultan\u00e9s, une espace de 35m x15m serait donc parfait. une salle des f\u00eates, un pr\u00e9au scolaire, une grange agricole peuvent \u00eatre des pistes&#8230;.<\/p>\n\n\n\n<p><\/p>\n\n\n\n<p><\/p>\n\n\n\n<p> <\/p>\n\n\n\n<p><\/p>\n\n\n\n<p><\/p>\n\n\n\n<p><\/p>\n","protected":false},"excerpt":{"rendered":"<p>Pour d\u00e9couvrir les produits biathlon de BZ\u00d8\u00d8K ou demander une d\u00e9monstration, n&rsquo;h\u00e9sitez pas \u00e0 nous contacter contact@bzook.fr Apr\u00e8s avoir mis au point et stabilis\u00e9 le mat\u00e9riel cette derni\u00e8re ann\u00e9e, BZ\u00d8\u00d8K a pu exp\u00e9rimenter le concept avec des participants scolaires ou des adultes habitu\u00e9s aux entrainements de course fractionn\u00e9s. L&rsquo;objectif principal est la fabrication et la &hellip; <\/p>\n<p class=\"link-more\"><a href=\"https:\/\/bzook.fr\/?page_id=14\" class=\"more-link\">Continuer la lecture<span class=\"screen-reader-text\"> de &laquo;&nbsp;Contact&nbsp;&raquo;<\/span><\/a><\/p>\n","protected":false},"author":1,"featured_media":0,"parent":0,"menu_order":0,"comment_status":"closed","ping_status":"closed","template":"","meta":{"footnotes":""},"class_list":["post-14","page","type-page","status-publish","hentry"],"jetpack-related-posts":[],"jetpack_sharing_enabled":true,"_links":{"self":[{"href":"https:\/\/bzook.fr\/index.php?rest_route=\/wp\/v2\/pages\/14","targetHints":{"allow":["GET"]}}],"collection":[{"href":"https:\/\/bzook.fr\/index.php?rest_route=\/wp\/v2\/pages"}],"about":[{"href":"https:\/\/bzook.fr\/index.php?rest_route=\/wp\/v2\/types\/page"}],"author":[{"embeddable":true,"href":"https:\/\/bzook.fr\/index.php?rest_route=\/wp\/v2\/users\/1"}],"replies":[{"embeddable":true,"href":"https:\/\/bzook.fr\/index.php?rest_route=%2Fwp%2Fv2%2Fcomments&post=14"}],"version-history":[{"count":7,"href":"https:\/\/bzook.fr\/index.php?rest_route=\/wp\/v2\/pages\/14\/revisions"}],"predecessor-version":[{"id":211,"href":"https:\/\/bzook.fr\/index.php?rest_route=\/wp\/v2\/pages\/14\/revisions\/211"}],"wp:attachment":[{"href":"https:\/\/bzook.fr\/index.php?rest_route=%2Fwp%2Fv2%2Fmedia&parent=14"}],"curies":[{"name":"wp","href":"https:\/\/api.w.org\/{rel}","templated":true}]}}