{"id":13,"date":"2020-10-31T10:39:10","date_gmt":"2020-10-31T09:39:10","guid":{"rendered":"http:\/\/bzook.fr\/?page_id=13"},"modified":"2020-11-04T22:24:40","modified_gmt":"2020-11-04T21:24:40","slug":"about","status":"publish","type":"page","link":"https:\/\/bzook.fr\/?page_id=13","title":{"rendered":"A propos"},"content":{"rendered":"\n<p>Frustr\u00e9s de ne pas pouvoir participer \u00e0 des comp\u00e9titions \u00ab\u00a0biathlon-like\u00a0\u00bb&#8230;..pas de neige,&#8230;..pas de carabine. Nous avons d\u00e9cid\u00e9 de prendre nos baskets et de s&rsquo;armer de BZGuns ;).<\/p>\n\n\n\n<p> Cr\u00e9\u00e9s pour \u00eatre facile \u00e0 utiliser et intuitifs, ils permettent des exp\u00e9riences grand public de biathlon. L&rsquo;adr\u00e9naline devant la cible, c&rsquo;est \u00e9picer un peu le running.<\/p>\n","protected":false},"excerpt":{"rendered":"<p>Frustr\u00e9s de ne pas pouvoir participer \u00e0 des comp\u00e9titions \u00ab\u00a0biathlon-like\u00a0\u00bb&#8230;..pas de neige,&#8230;..pas de carabine. Nous avons d\u00e9cid\u00e9 de prendre nos baskets et de s&rsquo;armer de BZGuns ;). Cr\u00e9\u00e9s pour \u00eatre facile \u00e0 utiliser et intuitifs, ils permettent des exp\u00e9riences grand public de biathlon. L&rsquo;adr\u00e9naline devant la cible, c&rsquo;est \u00e9picer un peu le running.<\/p>\n","protected":false},"author":1,"featured_media":0,"parent":0,"menu_order":0,"comment_status":"closed","ping_status":"closed","template":"","meta":{"footnotes":""},"class_list":["post-13","page","type-page","status-publish","hentry"],"jetpack-related-posts":[],"jetpack_sharing_enabled":true,"_links":{"self":[{"href":"https:\/\/bzook.fr\/index.php?rest_route=\/wp\/v2\/pages\/13","targetHints":{"allow":["GET"]}}],"collection":[{"href":"https:\/\/bzook.fr\/index.php?rest_route=\/wp\/v2\/pages"}],"about":[{"href":"https:\/\/bzook.fr\/index.php?rest_route=\/wp\/v2\/types\/page"}],"author":[{"embeddable":true,"href":"https:\/\/bzook.fr\/index.php?rest_route=\/wp\/v2\/users\/1"}],"replies":[{"embeddable":true,"href":"https:\/\/bzook.fr\/index.php?rest_route=%2Fwp%2Fv2%2Fcomments&post=13"}],"version-history":[{"count":2,"href":"https:\/\/bzook.fr\/index.php?rest_route=\/wp\/v2\/pages\/13\/revisions"}],"predecessor-version":[{"id":50,"href":"https:\/\/bzook.fr\/index.php?rest_route=\/wp\/v2\/pages\/13\/revisions\/50"}],"wp:attachment":[{"href":"https:\/\/bzook.fr\/index.php?rest_route=%2Fwp%2Fv2%2Fmedia&parent=13"}],"curies":[{"name":"wp","href":"https:\/\/api.w.org\/{rel}","templated":true}]}}